{"id":2554,"date":"2023-10-08T22:07:07","date_gmt":"2023-10-09T02:07:07","guid":{"rendered":"https:\/\/connexance.ca\/?page_id=2554"},"modified":"2023-11-13T12:44:11","modified_gmt":"2023-11-13T17:44:11","slug":"a-propos","status":"publish","type":"page","link":"https:\/\/connexance.ca\/en\/a-propos\/","title":{"rendered":"\u00c0 propos"},"content":{"rendered":"\t\t<div data-elementor-type=\"wp-page\" data-elementor-id=\"2554\" class=\"elementor elementor-2554\" data-elementor-post-type=\"page\">\n\t\t\t\t<div class=\"elementor-element elementor-element-7a979f85 e-flex e-con-boxed e-con e-parent\" data-id=\"7a979f85\" data-element_type=\"container\" data-e-type=\"container\" data-settings=\"{&quot;background_background&quot;:&quot;classic&quot;,&quot;jet_parallax_layout_list&quot;:[]}\">\n\t\t\t\t\t<div class=\"e-con-inner\">\n\t\t\t\t<div class=\"elementor-element elementor-element-79850a69 elementor-widget elementor-widget-testimonial\" data-id=\"79850a69\" data-element_type=\"widget\" data-e-type=\"widget\" data-widget_type=\"testimonial.default\">\n\t\t\t\t\t\t\t<div class=\"elementor-testimonial-wrapper\">\n\t\t\t\t\t\t\t<div class=\"elementor-testimonial-content\">Et si l'inclusion<br>\ndevenait + facile<\/div>\n\t\t\t\n\t\t\t\t\t<\/div>\n\t\t\t\t\t\t<\/div>\n\t\t\t\t\t<\/div>\n\t\t\t\t<\/div>\n\t\t<div class=\"elementor-element elementor-element-dcc10b6 e-flex e-con-boxed e-con e-parent\" data-id=\"dcc10b6\" data-element_type=\"container\" data-e-type=\"container\" data-settings=\"{&quot;jet_parallax_layout_list&quot;:[]}\">\n\t\t\t\t\t<div class=\"e-con-inner\">\n\t\t\t\t<div class=\"elementor-element elementor-element-e0bf9b7 elementor-widget elementor-widget-heading\" data-id=\"e0bf9b7\" data-element_type=\"widget\" data-e-type=\"widget\" data-widget_type=\"heading.default\">\n\t\t\t\t\t<h2 class=\"elementor-heading-title elementor-size-default\">Notre <b>histoire<\/b><\/h2>\t\t\t\t<\/div>\n\t\t\t\t<div class=\"elementor-element elementor-element-fce3101 elementor-widget elementor-widget-text-editor\" data-id=\"fce3101\" data-element_type=\"widget\" data-e-type=\"widget\" data-widget_type=\"text-editor.default\">\n\t\t\t\t\t\t\t\t\t<p>Connexance est une entreprise n\u00e9e au Qu\u00e9bec fond\u00e9e par ma merveilleuse coll\u00e8gue et amie Cynthia Roldan et moi-m\u00eame, Jessica Allard. Toutes les 2 dans le milieu de la petite enfance depuis 20 ans. Cynthia a \u00e9t\u00e9 \u00e9ducatrice en installation et elle a eu des groupes de tous les \u00e2ges. Moi, j&rsquo;ai \u00e9t\u00e9 \u00e9ducatrice pendant plusieurs ann\u00e9es puis je me suis dirig\u00e9e vers l&rsquo;\u00e9ducation sp\u00e9cialis\u00e9e. Avouez qu\u2019on se compl\u00e8te bien !!! Nous avons toujours (ou presque <img decoding=\"async\" class=\"emoji\" role=\"img\" draggable=\"false\" src=\"https:\/\/s.w.org\/images\/core\/emoji\/14.0.0\/svg\/1f609.svg\" alt=\"\ud83d\ude09\">) trouv\u00e9 nos professions vraiment \u00e9panouissantes. Mais en 2022, le d\u00e9fi a \u00e9t\u00e9 diff\u00e9rent. L\u2019inclusion des enfants \u00e0 besoins particuliers du groupe nous a demand\u00e9 \u00e9norm\u00e9ment de recherches, de temps, de ressources, de pers\u00e9v\u00e9rance et de patience (quelques larmes aussi, mais tr\u00e8s peu). Le probl\u00e8me \u00e9tant que les ressources que l\u2019on retrouve sur les enfants \u00e0 besoins particuliers sont \u00e9parpill\u00e9es un peu partout sur internet et ne sont pas \u00e9videntes \u00e0 trouver. Comme \u00e0 chaque fois, on a trouv\u00e9 des solutions, d\u00e9velopp\u00e9 des strat\u00e9gies et des m\u00e9thodes pour que l\u2019ann\u00e9e se passe de fa\u00e7on harmonieuse. Mais nous avons d\u00fb nous investir beaucoup plus que ce que nos heures de travail nous permettaient.<\/p>\n<p>Puis, une r\u00e9alit\u00e9 est venue nous frapper au visage : le nombre d&rsquo;enfants ayant des besoins particuliers dans les milieux de la petite enfance a drastiquement augment\u00e9 depuis les 20 derni\u00e8res ann\u00e9es. Mais o\u00f9 sont les ressources pour les \u00e9ducatrices en ce qui concerne l&rsquo;inclusion des enfants \u00e0 besoins et d\u00e9fis particuliers? <span class=\"TextRun SCXW23796899 BCX0\" lang=\"FR-CA\" xml:lang=\"FR-CA\" data-contrast=\"auto\"><span class=\"NormalTextRun SCXW23796899 BCX0\">C\u2019\u00e9tait devenu une \u00e9vidence pour nous. Il \u00e9tait temps de donner au suivant. Il \u00e9tait temps d\u2019aider les \u00e9ducatrices \u00e0 am\u00e9liorer leur quotidien, \u00e0 gagner du temps (oh si pr\u00e9cieux) et \u00e0 avoir acc\u00e8s \u00e0 toute l\u2019information d\u00e9di\u00e9e aux d\u00e9fis de l\u2019inclusion,&nbsp;en contexte de groupe, de fa\u00e7on centralis\u00e9e.<\/span><\/span><span class=\"EOP SCXW23796899 BCX0\" data-ccp-props=\"{&quot;134233117&quot;:false,&quot;134233118&quot;:false,&quot;201341983&quot;:0,&quot;335551550&quot;:1,&quot;335551620&quot;:1,&quot;335559685&quot;:0,&quot;335559737&quot;:0,&quot;335559738&quot;:0,&quot;335559739&quot;:160,&quot;335559740&quot;:259}\">&nbsp;Mais pourquoi une plateforme ? Nous ne sommes pas \u00e0 la base des filles techno ;), nous sommes des passionn\u00e9es de l&rsquo;humain. Mais puisque notre mission est d&rsquo;accompagner les professionnels de la petite enfance lorsqu&rsquo;ils et elles en ont le plus besoin, l&rsquo;objectif \u00e9tait d&rsquo;accomplir tout \u00e7a en temps r\u00e9el. Dans les milieux de la petite enfance, il y a des milliers de professionnels qui rencontrent divers d\u00e9fis plus diff\u00e9rents les uns des autres et d&rsquo;une ann\u00e9e \u00e0 l&rsquo;autre, tout peut changer. Nous avons pens\u00e9 \u00e0 une solution pour r\u00e9pondre \u00e0 ce contexte particulier que nous connaissons tr\u00e8s bien. Grace \u00e0 nos pr\u00e9cieux alli\u00e9s du domaine, une superbe \u00e9quipe d&rsquo;\u00e9ducatrices exp\u00e9riment\u00e9es, des directions d&rsquo;installations, des responsables en milieux familiaux et des professionnels autres, nous avons eu la chance de coconstruire des modules de contenu \u00e0 l&rsquo;image des futurs utilisateurs de cette plateforme! Et bien s\u00fbr, \u00e9tant donn\u00e9 que l&rsquo;inclusion est un vaste sujet, notre objectif est de faire \u00e9voluer la plateforme en y ajoutant du contenu r\u00e9guli\u00e8rement.<\/span><\/p><p><span class=\"EOP SCXW23796899 BCX0\" data-ccp-props=\"{&quot;134233117&quot;:false,&quot;134233118&quot;:false,&quot;201341983&quot;:0,&quot;335551550&quot;:1,&quot;335551620&quot;:1,&quot;335559685&quot;:0,&quot;335559737&quot;:0,&quot;335559738&quot;:0,&quot;335559739&quot;:160,&quot;335559740&quot;:259}\">Un merci tr\u00e8s sp\u00e9cial \u00e0 la Maison des innovations sociales de Montr\u00e9al pour leur accompagnement qui a permis de propulser ce projet \u00e0 un autre niveau. Merci pour votre continuel accompagnement et vos conseils si pr\u00e9cieux !<\/span><\/p>\n<p><span class=\"EOP SCXW23796899 BCX0\" data-ccp-props=\"{&quot;134233117&quot;:false,&quot;134233118&quot;:false,&quot;201341983&quot;:0,&quot;335551550&quot;:1,&quot;335551620&quot;:1,&quot;335559685&quot;:0,&quot;335559737&quot;:0,&quot;335559738&quot;:0,&quot;335559739&quot;:160,&quot;335559740&quot;:259}\">\u00c0 tous les professionnels de la petite enfance, nous vous souhaitons la bienvenue sur la plateforme de l&rsquo;inclusion, Connexance.<\/span><\/p>\n<p><span class=\"EOP SCXW23796899 BCX0\" data-ccp-props=\"{&quot;134233117&quot;:false,&quot;134233118&quot;:false,&quot;201341983&quot;:0,&quot;335551550&quot;:1,&quot;335551620&quot;:1,&quot;335559685&quot;:0,&quot;335559737&quot;:0,&quot;335559738&quot;:0,&quot;335559739&quot;:160,&quot;335559740&quot;:259}\">Jess et Cynthia<\/span><\/p>\t\t\t\t\t\t\t\t<\/div>\n\t\t\t\t\t<\/div>\n\t\t\t\t<\/div>\n\t\t<div class=\"elementor-element elementor-element-fa29208 e-flex e-con-boxed e-con e-parent\" data-id=\"fa29208\" data-element_type=\"container\" data-e-type=\"container\" data-settings=\"{&quot;background_background&quot;:&quot;classic&quot;,&quot;jet_parallax_layout_list&quot;:[]}\">\n\t\t\t\t\t<div class=\"e-con-inner\">\n\t\t<div class=\"elementor-element elementor-element-7ad4c1e e-con-full e-flex e-con e-child\" data-id=\"7ad4c1e\" data-element_type=\"container\" data-e-type=\"container\" data-settings=\"{&quot;jet_parallax_layout_list&quot;:[]}\">\n\t\t\t\t<div class=\"elementor-element elementor-element-9c62463 elementor-widget-divider--view-line_text elementor-widget-divider--element-align-left elementor-widget elementor-widget-divider\" data-id=\"9c62463\" data-element_type=\"widget\" data-e-type=\"widget\" data-settings=\"{&quot;motion_fx_motion_fx_scrolling&quot;:&quot;yes&quot;,&quot;motion_fx_translateX_effect&quot;:&quot;yes&quot;,&quot;motion_fx_translateX_speed&quot;:{&quot;unit&quot;:&quot;px&quot;,&quot;size&quot;:&quot;1&quot;,&quot;sizes&quot;:[]},&quot;motion_fx_translateX_affectedRange&quot;:{&quot;unit&quot;:&quot;%&quot;,&quot;size&quot;:&quot;&quot;,&quot;sizes&quot;:{&quot;start&quot;:&quot;0&quot;,&quot;end&quot;:&quot;50&quot;}},&quot;motion_fx_devices&quot;:[&quot;desktop&quot;,&quot;tablet&quot;]}\" data-widget_type=\"divider.default\">\n\t\t\t\t\t\t\t<div class=\"elementor-divider\">\n\t\t\t<span class=\"elementor-divider-separator\">\n\t\t\t\t\t\t\t<span class=\"elementor-divider__text elementor-divider__element\">\n\t\t\t\tL'\u00e9quipe qui collabore <b>\u00e0 l'inclusion\t\t\t\t<\/span>\n\t\t\t\t\t\t<\/span>\n\t\t<\/div>\n\t\t\t\t\t\t<\/div>\n\t\t\t\t<\/div>\n\t\t<div class=\"elementor-element elementor-element-2eab639 e-flex e-con-boxed e-con e-child\" data-id=\"2eab639\" data-element_type=\"container\" data-e-type=\"container\" data-settings=\"{&quot;jet_parallax_layout_list&quot;:[]}\">\n\t\t\t\t\t<div class=\"e-con-inner\">\n\t\t<div class=\"elementor-element elementor-element-2f52d13 e-con-full e-flex e-con e-child\" data-id=\"2f52d13\" data-element_type=\"container\" data-e-type=\"container\" data-settings=\"{&quot;jet_parallax_layout_list&quot;:[]}\">\n\t\t\t\t<div class=\"elementor-element elementor-element-df3ac5b elementor-widget elementor-widget-jet-team-member\" data-id=\"df3ac5b\" data-element_type=\"widget\" data-e-type=\"widget\" data-widget_type=\"jet-team-member.default\">\n\t\t\t\t<div class=\"elementor-widget-container\">\n\t\t\t\t\t<div class=\"elementor-jet-team-member jet-elements\"><div class=\"jet-team-member\">\n\t<div class=\"jet-team-member__inner\">\n\t\t\t<div class=\"jet-team-member__image\">\n\t\t\t<div class=\"jet-team-member__cover\"><\/div>\n\t\t\t<figure class=\"jet-team-member__figure\"><img fetchpriority=\"high\" decoding=\"async\" width=\"960\" height=\"1280\" src=\"https:\/\/connexance.ca\/wp-content\/uploads\/2023\/07\/Cynthia.jpg\" class=\"jet-team-member__img-tag\" alt=\"Cynthia\" srcset=\"https:\/\/connexance.ca\/wp-content\/uploads\/2023\/07\/Cynthia.jpg 960w, https:\/\/connexance.ca\/wp-content\/uploads\/2023\/07\/Cynthia-600x800.jpg 600w, https:\/\/connexance.ca\/wp-content\/uploads\/2023\/07\/Cynthia-225x300.jpg 225w, https:\/\/connexance.ca\/wp-content\/uploads\/2023\/07\/Cynthia-768x1024.jpg 768w\" sizes=\"(max-width: 960px) 100vw, 960px\" \/><\/figure>\t\t<\/div>\n\t\t<div class=\"jet-team-member__content\"><h3 class=\"jet-team-member__name\"><span class=\"jet-team-member__name-first\">Cynthia<\/span><span class=\"jet-team-member__name-last\"> Roldan<\/span><\/h3><div class=\"jet-team-member__position\"><span>Cofondatrice<\/span><\/div><p class=\"jet-team-member__desc\">\u00c9ducatrice \u00e0 l'enfance<\/p><div class=\"jet-team-member__socials\"><div class=\"jet-team-member__socials-item\"><a href=\"https:\/\/www.linkedin.com\/in\/cynthia-roldan-connexance\/\" aria-label=\"LinkedIn\"><div class=\"jet-team-member__socials-icon\"><div class=\"inner\"><span class=\"jet-elements-icon\"><svg aria-hidden=\"true\" class=\"e-font-icon-svg e-fab-linkedin\" viewBox=\"0 0 448 512\" xmlns=\"http:\/\/www.w3.org\/2000\/svg\"><path d=\"M416 32H31.9C14.3 32 0 46.5 0 64.3v383.4C0 465.5 14.3 480 31.9 480H416c17.6 0 32-14.5 32-32.3V64.3c0-17.8-14.4-32.3-32-32.3zM135.4 416H69V202.2h66.5V416zm-33.2-243c-21.3 0-38.5-17.3-38.5-38.5S80.9 96 102.2 96c21.2 0 38.5 17.3 38.5 38.5 0 21.3-17.2 38.5-38.5 38.5zm282.1 243h-66.4V312c0-24.8-.5-56.7-34.5-56.7-34.6 0-39.9 27-39.9 54.9V416h-66.4V202.2h63.7v29.2h.9c8.9-16.8 30.6-34.5 62.9-34.5 67.2 0 79.7 44.3 79.7 101.9V416z\"><\/path><\/svg><\/span><\/div><\/div><\/a><\/div><\/div><\/div>\n\t<\/div>\n\t<\/div>\n<\/div>\t\t\t\t<\/div>\n\t\t\t\t<\/div>\n\t\t\t\t<\/div>\n\t\t<div class=\"elementor-element elementor-element-4e6c4f7 e-con-full e-flex e-con e-child\" data-id=\"4e6c4f7\" data-element_type=\"container\" data-e-type=\"container\" data-settings=\"{&quot;jet_parallax_layout_list&quot;:[]}\">\n\t\t\t\t<div class=\"elementor-element elementor-element-78dfc1d elementor-widget elementor-widget-jet-team-member\" data-id=\"78dfc1d\" data-element_type=\"widget\" data-e-type=\"widget\" data-widget_type=\"jet-team-member.default\">\n\t\t\t\t<div class=\"elementor-widget-container\">\n\t\t\t\t\t<div class=\"elementor-jet-team-member jet-elements\"><div class=\"jet-team-member\">\n\t<div class=\"jet-team-member__inner\">\n\t\t\t<div class=\"jet-team-member__image\">\n\t\t\t<div class=\"jet-team-member__cover\"><\/div>\n\t\t\t<figure class=\"jet-team-member__figure\"><img decoding=\"async\" width=\"2388\" height=\"2560\" src=\"https:\/\/connexance.ca\/wp-content\/uploads\/2023\/07\/Jessica2-scaled.jpg\" class=\"jet-team-member__img-tag\" alt=\"Jessica2\" srcset=\"https:\/\/connexance.ca\/wp-content\/uploads\/2023\/07\/Jessica2-scaled.jpg 2388w, https:\/\/connexance.ca\/wp-content\/uploads\/2023\/07\/Jessica2-scaled-600x643.jpg 600w, https:\/\/connexance.ca\/wp-content\/uploads\/2023\/07\/Jessica2-280x300.jpg 280w, https:\/\/connexance.ca\/wp-content\/uploads\/2023\/07\/Jessica2-955x1024.jpg 955w, https:\/\/connexance.ca\/wp-content\/uploads\/2023\/07\/Jessica2-768x823.jpg 768w, https:\/\/connexance.ca\/wp-content\/uploads\/2023\/07\/Jessica2-1433x1536.jpg 1433w, https:\/\/connexance.ca\/wp-content\/uploads\/2023\/07\/Jessica2-1911x2048.jpg 1911w\" sizes=\"(max-width: 2388px) 100vw, 2388px\" \/><\/figure>\t\t<\/div>\n\t\t<div class=\"jet-team-member__content\"><h3 class=\"jet-team-member__name\"><span class=\"jet-team-member__name-first\">Jessica <\/span><span class=\"jet-team-member__name-last\"> Allard<\/span><\/h3><div class=\"jet-team-member__position\"><span>Cofondatrice<\/span><\/div><p class=\"jet-team-member__desc\">\u00c9ducatrice sp\u00e9cialis\u00e9e<\/p><div class=\"jet-team-member__socials\"><div class=\"jet-team-member__socials-item\"><a href=\"https:\/\/www.linkedin.com\/in\/connexance\/\" aria-label=\"LinkedIn\"><div class=\"jet-team-member__socials-icon\"><div class=\"inner\"><span class=\"jet-elements-icon\"><svg aria-hidden=\"true\" class=\"e-font-icon-svg e-fab-linkedin\" viewBox=\"0 0 448 512\" xmlns=\"http:\/\/www.w3.org\/2000\/svg\"><path d=\"M416 32H31.9C14.3 32 0 46.5 0 64.3v383.4C0 465.5 14.3 480 31.9 480H416c17.6 0 32-14.5 32-32.3V64.3c0-17.8-14.4-32.3-32-32.3zM135.4 416H69V202.2h66.5V416zm-33.2-243c-21.3 0-38.5-17.3-38.5-38.5S80.9 96 102.2 96c21.2 0 38.5 17.3 38.5 38.5 0 21.3-17.2 38.5-38.5 38.5zm282.1 243h-66.4V312c0-24.8-.5-56.7-34.5-56.7-34.6 0-39.9 27-39.9 54.9V416h-66.4V202.2h63.7v29.2h.9c8.9-16.8 30.6-34.5 62.9-34.5 67.2 0 79.7 44.3 79.7 101.9V416z\"><\/path><\/svg><\/span><\/div><\/div><\/a><\/div><\/div><\/div>\n\t<\/div>\n\t<\/div>\n<\/div>\t\t\t\t<\/div>\n\t\t\t\t<\/div>\n\t\t\t\t<\/div>\n\t\t\t\t\t<\/div>\n\t\t\t\t<\/div>\n\t\t\t\t\t<\/div>\n\t\t\t\t<\/div>\n\t\t<div class=\"elementor-element elementor-element-cea9ceb e-flex e-con-boxed e-con e-parent\" data-id=\"cea9ceb\" data-element_type=\"container\" data-e-type=\"container\" data-settings=\"{&quot;background_background&quot;:&quot;classic&quot;,&quot;jet_parallax_layout_list&quot;:[]}\">\n\t\t\t\t\t<div class=\"e-con-inner\">\n\t\t\t\t<div class=\"elementor-element elementor-element-e9e6899 elementor-widget elementor-widget-heading\" data-id=\"e9e6899\" data-element_type=\"widget\" data-e-type=\"widget\" data-widget_type=\"heading.default\">\n\t\t\t\t\t<h1 class=\"elementor-heading-title elementor-size-default\">Nous contacter<\/h1>\t\t\t\t<\/div>\n\t\t\t\t<div class=\"elementor-element elementor-element-a841391 elementor-widget elementor-widget-text-editor\" data-id=\"a841391\" data-element_type=\"widget\" data-e-type=\"widget\" data-widget_type=\"text-editor.default\">\n\t\t\t\t\t\t\t\t\t<p>Vous d\u00e9sirez en apprendre davantage sur notre plateforme ou nos forfaits? Remplissez le formulaire ci-dessous afin qu&rsquo;un membre de notre \u00e9quipe vous contacte d\u00e8s que possible.<\/p>\t\t\t\t\t\t\t\t<\/div>\n\t\t\t\t<div class=\"elementor-element elementor-element-eb5d675 elementor-button-align-center elementor-widget elementor-widget-form\" data-id=\"eb5d675\" data-element_type=\"widget\" data-e-type=\"widget\" data-settings=\"{&quot;step_next_label&quot;:&quot;Next&quot;,&quot;step_previous_label&quot;:&quot;Previous&quot;,&quot;button_width&quot;:&quot;100&quot;,&quot;step_type&quot;:&quot;number_text&quot;,&quot;step_icon_shape&quot;:&quot;circle&quot;}\" data-widget_type=\"form.default\">\n\t\t\t\t\t\t\t<form class=\"elementor-form\" method=\"post\" name=\"Contact Form\" aria-label=\"Contact Form\">\n\t\t\t<input type=\"hidden\" name=\"post_id\" value=\"2554\"\/>\n\t\t\t<input type=\"hidden\" name=\"form_id\" value=\"eb5d675\"\/>\n\t\t\t<input type=\"hidden\" name=\"referer_title\" value=\"\" \/>\n\n\t\t\t\n\t\t\t<div class=\"elementor-form-fields-wrapper elementor-labels-\">\n\t\t\t\t\t\t\t\t<div class=\"elementor-field-type-text elementor-field-group elementor-column elementor-field-group-name elementor-col-100 elementor-field-required\">\n\t\t\t\t\t\t\t\t\t\t\t\t<label for=\"form-field-name\" class=\"elementor-field-label elementor-screen-only\">\n\t\t\t\t\t\t\t\tNom de la personne\t\t\t\t\t\t\t<\/label>\n\t\t\t\t\t\t\t\t\t\t\t\t\t\t<input size=\"1\" type=\"text\" name=\"form_fields[name]\" id=\"form-field-name\" class=\"elementor-field elementor-size-sm  elementor-field-textual\" placeholder=\"Votre Nom\" required=\"required\">\n\t\t\t\t\t\t\t\t\t\t\t<\/div>\n\t\t\t\t\t\t\t\t<div class=\"elementor-field-type-email elementor-field-group elementor-column elementor-field-group-email elementor-col-50 elementor-field-required\">\n\t\t\t\t\t\t\t\t\t\t\t\t<label for=\"form-field-email\" class=\"elementor-field-label elementor-screen-only\">\n\t\t\t\t\t\t\t\tCourriel de la personne\t\t\t\t\t\t\t<\/label>\n\t\t\t\t\t\t\t\t\t\t\t\t\t\t<input size=\"1\" type=\"email\" name=\"form_fields[email]\" id=\"form-field-email\" class=\"elementor-field elementor-size-sm  elementor-field-textual\" placeholder=\"Courriel\" required=\"required\">\n\t\t\t\t\t\t\t\t\t\t\t<\/div>\n\t\t\t\t\t\t\t\t<div class=\"elementor-field-type-tel elementor-field-group elementor-column elementor-field-group-field_6c180a9 elementor-col-50\">\n\t\t\t\t\t\t\t\t\t\t\t\t<label for=\"form-field-field_6c180a9\" class=\"elementor-field-label elementor-screen-only\">\n\t\t\t\t\t\t\t\tT\u00e9l\u00e9phone de la personne\t\t\t\t\t\t\t<\/label>\n\t\t\t\t\t\t\t\t<input size=\"1\" type=\"tel\" name=\"form_fields[field_6c180a9]\" id=\"form-field-field_6c180a9\" class=\"elementor-field elementor-size-sm  elementor-field-textual\" placeholder=\"T\u00e9l\u00e9phone\" pattern=\"[0-9()#&amp;+*-=.]+\" title=\"Only numbers and phone characters (#, -, *, etc) are accepted.\">\n\n\t\t\t\t\t\t<\/div>\n\t\t\t\t\t\t\t\t<div class=\"elementor-field-type-textarea elementor-field-group elementor-column elementor-field-group-message elementor-col-100 elementor-field-required\">\n\t\t\t\t\t\t\t\t\t\t\t\t<label for=\"form-field-message\" class=\"elementor-field-label elementor-screen-only\">\n\t\t\t\t\t\t\t\tSon Message\t\t\t\t\t\t\t<\/label>\n\t\t\t\t\t\t<textarea class=\"elementor-field-textual elementor-field  elementor-size-sm\" name=\"form_fields[message]\" id=\"form-field-message\" rows=\"4\" placeholder=\"Message\" required=\"required\"><\/textarea>\t\t\t\t<\/div>\n\t\t\t\t\t\t\t\t<div class=\"elementor-field-type-recaptcha_v3 elementor-field-group elementor-column elementor-field-group-field_512fe9d elementor-col-100 recaptcha_v3-bottomright\">\n\t\t\t\t\t<div class=\"elementor-field\" id=\"form-field-field_512fe9d\"><div class=\"elementor-g-recaptcha\" data-sitekey=\"6LepgQckAAAAAAsnjdf0fnenr1RW6cix0nZxuXkm\" data-type=\"v3\" data-action=\"Form\" data-badge=\"bottomright\" data-size=\"invisible\"><\/div><\/div>\t\t\t\t<\/div>\n\t\t\t\t\t\t\t\t<div class=\"elementor-field-group elementor-column elementor-field-type-submit elementor-col-100 e-form__buttons\">\n\t\t\t\t\t<button class=\"elementor-button elementor-size-sm\" type=\"submit\">\n\t\t\t\t\t\t<span class=\"elementor-button-content-wrapper\">\n\t\t\t\t\t\t\t\t\t\t\t\t\t\t\t\t\t\t\t\t\t\t<span class=\"elementor-button-text\">Envoyer<\/span>\n\t\t\t\t\t\t\t\t\t\t\t\t\t<\/span>\n\t\t\t\t\t<\/button>\n\t\t\t\t<\/div>\n\t\t\t<\/div>\n\t\t<\/form>\n\t\t\t\t\t\t<\/div>\n\t\t\t\t\t<\/div>\n\t\t\t\t<\/div>\n\t\t\t\t<\/div>\n\t\t","protected":false},"excerpt":{"rendered":"<p>Et si l&rsquo;inclusion devenait + facile Notre histoire Connexance est une entreprise n\u00e9e au Qu\u00e9bec fond\u00e9e par ma merveilleuse coll\u00e8gue et amie Cynthia Roldan et moi-m\u00eame, Jessica Allard. Toutes les 2 dans le milieu de la petite enfance depuis 20 ans. Cynthia a \u00e9t\u00e9 \u00e9ducatrice en installation et elle a eu des groupes de tous [&hellip;]<\/p>\n","protected":false},"author":1,"featured_media":0,"parent":0,"menu_order":0,"comment_status":"closed","ping_status":"closed","template":"","meta":{"footnotes":""},"class_list":["post-2554","page","type-page","status-publish","hentry"],"_links":{"self":[{"href":"https:\/\/connexance.ca\/en\/wp-json\/wp\/v2\/pages\/2554","targetHints":{"allow":["GET"]}}],"collection":[{"href":"https:\/\/connexance.ca\/en\/wp-json\/wp\/v2\/pages"}],"about":[{"href":"https:\/\/connexance.ca\/en\/wp-json\/wp\/v2\/types\/page"}],"author":[{"embeddable":true,"href":"https:\/\/connexance.ca\/en\/wp-json\/wp\/v2\/users\/1"}],"replies":[{"embeddable":true,"href":"https:\/\/connexance.ca\/en\/wp-json\/wp\/v2\/comments?post=2554"}],"version-history":[{"count":0,"href":"https:\/\/connexance.ca\/en\/wp-json\/wp\/v2\/pages\/2554\/revisions"}],"wp:attachment":[{"href":"https:\/\/connexance.ca\/en\/wp-json\/wp\/v2\/media?parent=2554"}],"curies":[{"name":"wp","href":"https:\/\/api.w.org\/{rel}","templated":true}]}}