{"id":1416,"date":"2023-09-02T18:59:43","date_gmt":"2023-09-02T22:59:43","guid":{"rendered":"https:\/\/connexance.ca\/?post_type=product&#038;p=1416"},"modified":"2026-03-12T14:31:34","modified_gmt":"2026-03-12T18:31:34","slug":"a-forfait-20-licences","status":"publish","type":"product","link":"https:\/\/connexance.ca\/en\/product\/a-forfait-20-licences\/","title":{"rendered":"Forfait 20 licences"},"content":{"rendered":"<ul>\n<li>Capsules vid\u00e9o<\/li>\n<li>Outils \u00e0 t\u00e9l\u00e9charger<\/li>\n<li>Acc\u00e8s au nouveau contenu<\/li>\n<\/ul>","protected":false},"excerpt":{"rendered":"<p>Capsules vid\u00e9o Outils \u00e0 t\u00e9l\u00e9charger Acc\u00e8s au nouveau contenu<\/p>","protected":false},"featured_media":3395,"template":"","meta":[],"product_brand":[],"product_cat":[31],"product_tag":[],"class_list":{"0":"post-1416","1":"product","2":"type-product","3":"status-publish","4":"has-post-thumbnail","6":"product_cat-abonnement","8":"first","9":"instock","10":"sale","11":"virtual","12":"taxable","13":"purchasable","14":"product-type-subscription"},"exclude_global_add_ons":false,"addons":[{"name":"Licences suppl\u00e9mentaires","type":"input_multiplier","position":0,"required":false,"title_format":"label","default":"","description_enable":false,"description":"","placeholder_enable":false,"placeholder":"","display":"select","restrictions_type":"any_text","adjust_price":true,"price":"42","price_type":"flat_fee","restrictions":false,"min":"0","max":"0","options":[],"id":1688641865}],"_links":{"self":[{"href":"https:\/\/connexance.ca\/en\/wp-json\/wp\/v2\/product\/1416","targetHints":{"allow":["GET"]}}],"collection":[{"href":"https:\/\/connexance.ca\/en\/wp-json\/wp\/v2\/product"}],"about":[{"href":"https:\/\/connexance.ca\/en\/wp-json\/wp\/v2\/types\/product"}],"version-history":[{"count":3,"href":"https:\/\/connexance.ca\/en\/wp-json\/wp\/v2\/product\/1416\/revisions"}],"predecessor-version":[{"id":6520,"href":"https:\/\/connexance.ca\/en\/wp-json\/wp\/v2\/product\/1416\/revisions\/6520"}],"wp:featuredmedia":[{"embeddable":true,"href":"https:\/\/connexance.ca\/en\/wp-json\/wp\/v2\/media\/3395"}],"wp:attachment":[{"href":"https:\/\/connexance.ca\/en\/wp-json\/wp\/v2\/media?parent=1416"}],"wp:term":[{"taxonomy":"product_brand","embeddable":true,"href":"https:\/\/connexance.ca\/en\/wp-json\/wp\/v2\/product_brand?post=1416"},{"taxonomy":"product_cat","embeddable":true,"href":"https:\/\/connexance.ca\/en\/wp-json\/wp\/v2\/product_cat?post=1416"},{"taxonomy":"product_tag","embeddable":true,"href":"https:\/\/connexance.ca\/en\/wp-json\/wp\/v2\/product_tag?post=1416"}],"curies":[{"name":"wp","href":"https:\/\/api.w.org\/{rel}","templated":true}]}}