{"id":5409,"date":"2025-03-05T10:15:56","date_gmt":"2025-03-05T15:15:56","guid":{"rendered":"https:\/\/connexance.ca\/?post_type=product&#038;p=5409"},"modified":"2025-03-05T10:16:24","modified_gmt":"2025-03-05T15:16:24","slug":"evenement-test-et-connexance-29-mars-2025","status":"publish","type":"product","link":"https:\/\/connexance.ca\/en\/product\/evenement-test-et-connexance-29-mars-2025\/","title":{"rendered":"\u00c9v\u00e8nement test et Connexance 29 mars 2025"},"content":{"rendered":"<p data-start=\"109\" data-end=\"156\"><strong data-start=\"112\" data-end=\"151\">\u00c9v\u00e8nement Connexance \u2013 29 mars 2025<\/strong><\/p>\n<p data-start=\"109\" data-end=\"156\"><strong>Horaire<\/strong> : 8h30 \u00e0 17h<\/p>\n<p data-start=\"158\" data-end=\"250\">Une journ\u00e9e unique pour s\u2019inspirer, \u00e9changer et enrichir nos pratiques en petite enfance !<\/p>\n<p data-start=\"252\" data-end=\"513\">Destin\u00e9 aux <strong data-start=\"264\" data-end=\"287\">RSGE du BC Ahuntsic<\/strong> ainsi qu\u2019au <strong data-start=\"300\" data-end=\"341\">personnel administratif et de soutien<\/strong>, cet \u00e9v\u00e9nement propose une s\u00e9rie de <strong data-start=\"378\" data-end=\"405\">conf\u00e9rences percutantes<\/strong> abordant des sujets d\u2019actualit\u00e9 qui nourrissent nos connaissances et favorisent des pratiques inclusives.<\/p>\n<p data-start=\"515\" data-end=\"625\">Nous avons r\u00e9uni des conf\u00e9renci\u00e8res passionn\u00e9es qui partageront leur expertise sur des th\u00e9matiques vari\u00e9es :<\/p>\n<p data-start=\"627\" data-end=\"1079\"><strong data-start=\"630\" data-end=\"648\">Isabelle Chung<\/strong> \u2013 <em data-start=\"651\" data-end=\"671\">Les pauses actives<\/em> (Partenaire officiel \u00ab Les Bougeottes \u00bb \u2013 kiosque et mat\u00e9riel sur place)<br data-start=\"744\" data-end=\"747\" \/><strong data-start=\"750\" data-end=\"767\">Sara Lachance<\/strong> \u2013 <em data-start=\"770\" data-end=\"809\">Le mod\u00e8le de la r\u00e9silience \u2013 Partie 2<\/em><br data-start=\"809\" data-end=\"812\" \/><strong data-start=\"815\" data-end=\"834\">Brigitte Racine<\/strong> \u2013 <em data-start=\"837\" data-end=\"858\">L\u2019approche \u00c9ducoeur<\/em><br data-start=\"858\" data-end=\"861\" \/><strong data-start=\"864\" data-end=\"879\">Jol\u00e8te C\u00f4t\u00e9<\/strong> \u2013 <em data-start=\"882\" data-end=\"949\">Pr\u00e9venir les m\u00e9canismes d\u2019exclusion sociale d\u00e8s la petite enfance<\/em><br data-start=\"949\" data-end=\"952\" \/><strong data-start=\"955\" data-end=\"970\">Vicky Larin<\/strong> \u2013 <em data-start=\"973\" data-end=\"1000\">Du bien-\u00eatre au quotidien<\/em><br data-start=\"1000\" data-end=\"1003\" \/><strong data-start=\"1006\" data-end=\"1022\">Jos\u00e9e Giroux<\/strong> \u2013 <em data-start=\"1025\" data-end=\"1077\">L\u2019intervention et la relation avec les enfants TSA<\/em><\/p>\n<p data-start=\"1081\" data-end=\"1208\">\u2728 <strong data-start=\"1083\" data-end=\"1206\">Un moment pour apprendre, \u00e9changer et vivre une exp\u00e9rience enrichissante, dans une ambiance d\u00e9contract\u00e9e et conviviale.<\/strong><\/p>\n<p data-start=\"1210\" data-end=\"1259\">\ufe0f <strong data-start=\"1214\" data-end=\"1257\">Repas et collations offerts sur place !<\/strong><\/p>\n<p data-start=\"1261\" data-end=\"1318\"><strong data-start=\"1264\" data-end=\"1316\">D\u00e9couvrez nos conf\u00e9renci\u00e8res dans cette vid\u00e9o et mettez le son! \u2b06\ufe0f<\/strong><\/p>","protected":false},"excerpt":{"rendered":"<p>\u00c9v\u00e8nement Connexance \u2013 29 mars 2025 Horaire : 8h30 \u00e0 17h Une journ\u00e9e unique pour s\u2019inspirer, \u00e9changer et enrichir nos pratiques en petite enfance ! Destin\u00e9 aux RSGE du BC Ahuntsic ainsi qu\u2019au personnel administratif et de soutien, cet \u00e9v\u00e9nement propose une s\u00e9rie de conf\u00e9rences percutantes abordant des sujets d\u2019actualit\u00e9 qui nourrissent nos connaissances et [&hellip;]<\/p>\n","protected":false},"featured_media":5404,"template":"","meta":[],"product_brand":[],"product_cat":[46],"product_tag":[],"class_list":{"0":"post-5409","1":"product","2":"type-product","3":"status-publish","4":"has-post-thumbnail","6":"product_cat-evenement","8":"first","9":"instock","10":"virtual","11":"sold-individually","12":"taxable","13":"purchasable","14":"product-type-simple"},"exclude_global_add_ons":false,"addons":[{"name":"1. Avez-vous des allergies alimentaires ?","type":"custom_textarea","position":1,"required":true,"title_format":"label","default":"","description_enable":true,"description":"Si oui, lesquelles ?","placeholder_enable":false,"placeholder":"","display":"select","restrictions_type":"any_text","adjust_price":false,"price":"","price_type":"flat_fee","restrictions":false,"min":"0","max":"0","options":[],"id":1741123755},{"name":"2. Suivez-vous un r\u00e9gime alimentaire particulier ?","type":"custom_textarea","position":2,"required":true,"title_format":"label","default":"","description_enable":true,"description":"(ex. v\u00e9g\u00e9tarien, v\u00e9g\u00e9talien, sans gluten, halal, casher, autre \u2013 pr\u00e9cisez)","placeholder_enable":false,"placeholder":"","display":"select","restrictions_type":"any_text","adjust_price":false,"price":"","price_type":"flat_fee","restrictions":false,"min":"0","max":"0","options":[],"id":1741123756}],"_links":{"self":[{"href":"https:\/\/connexance.ca\/en\/wp-json\/wp\/v2\/product\/5409","targetHints":{"allow":["GET"]}}],"collection":[{"href":"https:\/\/connexance.ca\/en\/wp-json\/wp\/v2\/product"}],"about":[{"href":"https:\/\/connexance.ca\/en\/wp-json\/wp\/v2\/types\/product"}],"version-history":[{"count":1,"href":"https:\/\/connexance.ca\/en\/wp-json\/wp\/v2\/product\/5409\/revisions"}],"predecessor-version":[{"id":5410,"href":"https:\/\/connexance.ca\/en\/wp-json\/wp\/v2\/product\/5409\/revisions\/5410"}],"wp:featuredmedia":[{"embeddable":true,"href":"https:\/\/connexance.ca\/en\/wp-json\/wp\/v2\/media\/5404"}],"wp:attachment":[{"href":"https:\/\/connexance.ca\/en\/wp-json\/wp\/v2\/media?parent=5409"}],"wp:term":[{"taxonomy":"product_brand","embeddable":true,"href":"https:\/\/connexance.ca\/en\/wp-json\/wp\/v2\/product_brand?post=5409"},{"taxonomy":"product_cat","embeddable":true,"href":"https:\/\/connexance.ca\/en\/wp-json\/wp\/v2\/product_cat?post=5409"},{"taxonomy":"product_tag","embeddable":true,"href":"https:\/\/connexance.ca\/en\/wp-json\/wp\/v2\/product_tag?post=5409"}],"curies":[{"name":"wp","href":"https:\/\/api.w.org\/{rel}","templated":true}]}}