{"id":6464,"date":"2026-03-05T10:40:25","date_gmt":"2026-03-05T15:40:25","guid":{"rendered":"https:\/\/connexance.ca\/?post_type=product&#038;p=6464"},"modified":"2026-03-05T11:23:47","modified_gmt":"2026-03-05T16:23:47","slug":"evenement-de-connexance-et-bc-lieu-despetits-21-mars-2026","status":"publish","type":"product","link":"https:\/\/connexance.ca\/en\/product\/evenement-de-connexance-et-bc-lieu-despetits-21-mars-2026\/","title":{"rendered":"\u00c9v\u00e8nement Connexance et BC-CPE Lieu des petits"},"content":{"rendered":"","protected":false},"excerpt":{"rendered":"<p data-start=\"109\" data-end=\"156\"><strong data-start=\"112\" data-end=\"151\">\u00c9v\u00e8nement Connexance 21 mars 2026<\/strong><\/p>\n<p data-start=\"109\" data-end=\"156\"><span class=\"OYPEnA font-feature-liga-off font-feature-clig-off font-feature-calt-off text-decoration-none text-strikethrough-none\"><strong>Horaire de l&rsquo;\u00e9v\u00e8nement<\/strong> : <\/span><span class=\"OYPEnA font-feature-liga-off font-feature-clig-off font-feature-calt-off text-decoration-none text-strikethrough-none\">9h \u00e0 16h<\/span><\/p>\n<p data-start=\"109\" data-end=\"156\"><b>Lieu : <\/b>Maison du d\u00e9veloppement durable : 50, rue Sainte-Catherine Ouest, Montr\u00e9al (QC) H2X 3V4 &#8211; Salle Sainte-Catherine 2e \u00e9tage<\/p>\n<p>Stationnement payant aux alentours<\/p>\n<p>10 minutes de marche de la station de m\u00e9tro Berri UQAM<\/p>\n<p><strong>Description:<\/strong><\/p>\n<p><span style=\"font-weight: 400;\">Une journ\u00e9e unique pour s\u2019inspirer, \u00e9changer et enrichir nos pratiques en petite enfance !<\/span><\/p>\n<p>Destin\u00e9 aux RSGE du BC Lieu des petits ainsi qu\u2019au personnel administratif et de soutien, cet \u00e9v\u00e9nement propose trois conf\u00e9rences dynamiques abordant des sujets d\u2019actualit\u00e9 qui nourrissent nos connaissances et soutiennent le d\u00e9veloppement de pratiques bienveillantes et inclusives.<\/p>\n<p>Pour l\u2019occasion, nous avons r\u00e9uni des conf\u00e9renci\u00e8res et un conf\u00e9rencier passionn\u00e9s qui partageront leur expertise autour de th\u00e9matiques inspirantes :<\/p>\n<ul>\n<li data-start=\"109\" data-end=\"156\"><strong>Isabelle Chung<\/strong> \u2013 Les pauses actives<br \/>\n<strong>Partenaire officiel<\/strong> Les Bougeottes (pr\u00e9sence d\u2019un kiosque et de mat\u00e9riel sur place)<\/li>\n<li data-start=\"109\" data-end=\"156\"><strong>Brigitte Racine<\/strong> \u2013 L\u2019approche \u00c9ducoeur<\/li>\n<li data-start=\"109\" data-end=\"156\"><strong>Jaime Rivera Silva<\/strong> : Evolusium : Mieux se comprendre pour mieux communiquer &#8211; Le profil NOVA Global<\/li>\n<\/ul>\n<p class=\"cvGsUA direction-ltr align-start para-style-body\">Cette journ\u00e9e se veut un moment privil\u00e9gi\u00e9 pour apprendre, r\u00e9fl\u00e9chir \u00e0 nos pratiques et \u00e9changer entre coll\u00e8gues, tout en vivant une exp\u00e9rience enrichissante dans une ambiance conviviale et d\u00e9contract\u00e9e.<\/p>\n<p class=\"cvGsUA direction-ltr align-start para-style-body\">Repas et collations seront offerts sur place.<\/p>\n<p data-start=\"1261\" data-end=\"1318\">Merci d\u2019indiquer vos allergies alimentaires ou besoins particuliers lors de votre inscription.<\/p>\n<p data-start=\"1261\" data-end=\"1318\">Les places sont limit\u00e9es &#8211;\u00a0 Veuillez vous inscrire avant vendredi le 13 mars 2026<\/p>\n<p data-start=\"1261\" data-end=\"1318\"><strong>Voir lien d&rsquo;inscription plus bas<\/strong><\/p>","protected":false},"featured_media":6465,"template":"","meta":[],"product_brand":[],"product_cat":[46],"product_tag":[48],"class_list":{"0":"post-6464","1":"product","2":"type-product","3":"status-publish","4":"has-post-thumbnail","6":"product_cat-evenement","7":"product_tag-26-avril-2025","9":"first","10":"instock","11":"virtual","12":"sold-individually","13":"taxable","14":"purchasable","15":"product-type-simple"},"exclude_global_add_ons":false,"addons":[{"name":"1. Avez-vous des allergies alimentaires ?","type":"custom_textarea","position":1,"required":true,"title_format":"label","default":"","description_enable":true,"description":"Si oui, lesquelles ?","placeholder_enable":false,"placeholder":"","display":"select","restrictions_type":"any_text","adjust_price":false,"price":"","price_type":"flat_fee","restrictions":false,"min":"0","max":"0","options":[],"id":1741123755},{"name":"2. Suivez-vous un r\u00e9gime alimentaire particulier ?","type":"custom_textarea","position":2,"required":true,"title_format":"label","default":"","description_enable":true,"description":"(ex. v\u00e9g\u00e9tarien, v\u00e9g\u00e9talien, sans gluten, halal, casher, autre \u2013 pr\u00e9cisez)","placeholder_enable":false,"placeholder":"","display":"select","restrictions_type":"any_text","adjust_price":false,"price":"","price_type":"flat_fee","restrictions":false,"min":"0","max":"0","options":[],"id":1741123756}],"_links":{"self":[{"href":"https:\/\/connexance.ca\/en\/wp-json\/wp\/v2\/product\/6464","targetHints":{"allow":["GET"]}}],"collection":[{"href":"https:\/\/connexance.ca\/en\/wp-json\/wp\/v2\/product"}],"about":[{"href":"https:\/\/connexance.ca\/en\/wp-json\/wp\/v2\/types\/product"}],"version-history":[{"count":7,"href":"https:\/\/connexance.ca\/en\/wp-json\/wp\/v2\/product\/6464\/revisions"}],"predecessor-version":[{"id":6473,"href":"https:\/\/connexance.ca\/en\/wp-json\/wp\/v2\/product\/6464\/revisions\/6473"}],"wp:featuredmedia":[{"embeddable":true,"href":"https:\/\/connexance.ca\/en\/wp-json\/wp\/v2\/media\/6465"}],"wp:attachment":[{"href":"https:\/\/connexance.ca\/en\/wp-json\/wp\/v2\/media?parent=6464"}],"wp:term":[{"taxonomy":"product_brand","embeddable":true,"href":"https:\/\/connexance.ca\/en\/wp-json\/wp\/v2\/product_brand?post=6464"},{"taxonomy":"product_cat","embeddable":true,"href":"https:\/\/connexance.ca\/en\/wp-json\/wp\/v2\/product_cat?post=6464"},{"taxonomy":"product_tag","embeddable":true,"href":"https:\/\/connexance.ca\/en\/wp-json\/wp\/v2\/product_tag?post=6464"}],"curies":[{"name":"wp","href":"https:\/\/api.w.org\/{rel}","templated":true}]}}